{"id":36,"date":"2019-03-25T12:02:26","date_gmt":"2019-03-25T12:02:26","guid":{"rendered":"https:\/\/www.obezitecerrahi.com\/en\/?page_id=36"},"modified":"2025-01-10T09:12:41","modified_gmt":"2025-01-10T09:12:41","slug":"contact","status":"publish","type":"page","link":"https:\/\/www.obezitecerrahi.com\/en\/contact\/","title":{"rendered":"CONTACT"},"content":{"rendered":"<h2>Inter Bariatrics Clinic<\/h2>\n<p><iframe src=\"https:\/\/www.google.com\/maps\/embed?pb=!1m18!1m12!1m3!1d3011.0660572531183!2d29.05069048959831!3d41.0019273459584!2m3!1f0!2f0!3f0!3m2!1i1024!2i768!4f13.1!3m3!1m2!1s0x14cab6f36bd93eab%3A0x7fcfb60e790841fc!2sProf.Dr.%20Hasan%20Altun%20%7C%20Inter%20Bariatrics%7C%20T%C3%BCp%20Mide%20Ameliyat%C4%B1%7C%20Mide%20Bypass%20Ameliyat%C4%B1%20%7CObezite%20Cerrahisi!5e0!3m2!1str!2str!4v1736500074918!5m2!1str!2str\" width=\"100%\" height=\"450\" style=\"border:0;\" allowfullscreen=\"\" loading=\"lazy\" referrerpolicy=\"no-referrer-when-downgrade\"><\/iframe><\/p>\n<p><strong>Address:<\/strong><br \/>\nAc\u0131badem mh. \u00c7e\u00e7en sk. Akasya AVM Kent Etab\u0131 B1 Blok Kat: 1 Daire: 10, \u00dcsk\u00fcdar \/\u0130stanbul<\/p>\n<div class=\"btIconImageRow btCells-0\"><strong><span class=\"btIco btIcoDefaultType btIcoExtraSmallSize btIcoDefaultColor \"><span class=\"btIcoText\">Telephone:<br \/>\n<\/span><\/span><\/strong><\/div>\n<div class=\"btIconImageRow btCells-0\">+90 533 652 0567<\/div>\n<p><strong>E-Mail:<\/strong><br \/>\nobezitecerrahi@gmail.com<\/p>\n","protected":false},"excerpt":{"rendered":"<p>Inter Bariatrics Clinic Address: Ac\u0131badem mh. \u00c7e\u00e7en sk. Akasya AVM Kent Etab\u0131 B1 Blok Kat: 1 Daire: 10, \u00dcsk\u00fcdar \/\u0130stanbul Telephone: +90 533 652 0567 E-Mail: obezitecerrahi@gmail.com<\/p>\n","protected":false},"author":3,"featured_media":0,"parent":0,"menu_order":6,"comment_status":"closed","ping_status":"closed","template":"","meta":{"footnotes":""},"class_list":["post-36","page","type-page","status-publish","hentry"],"aioseo_notices":[],"_links":{"self":[{"href":"https:\/\/www.obezitecerrahi.com\/en\/wp-json\/wp\/v2\/pages\/36","targetHints":{"allow":["GET"]}}],"collection":[{"href":"https:\/\/www.obezitecerrahi.com\/en\/wp-json\/wp\/v2\/pages"}],"about":[{"href":"https:\/\/www.obezitecerrahi.com\/en\/wp-json\/wp\/v2\/types\/page"}],"author":[{"embeddable":true,"href":"https:\/\/www.obezitecerrahi.com\/en\/wp-json\/wp\/v2\/users\/3"}],"replies":[{"embeddable":true,"href":"https:\/\/www.obezitecerrahi.com\/en\/wp-json\/wp\/v2\/comments?post=36"}],"version-history":[{"count":18,"href":"https:\/\/www.obezitecerrahi.com\/en\/wp-json\/wp\/v2\/pages\/36\/revisions"}],"predecessor-version":[{"id":613,"href":"https:\/\/www.obezitecerrahi.com\/en\/wp-json\/wp\/v2\/pages\/36\/revisions\/613"}],"wp:attachment":[{"href":"https:\/\/www.obezitecerrahi.com\/en\/wp-json\/wp\/v2\/media?parent=36"}],"curies":[{"name":"wp","href":"https:\/\/api.w.org\/{rel}","templated":true}]}}