{"id":55,"date":"2019-03-25T12:17:36","date_gmt":"2019-03-25T12:17:36","guid":{"rendered":"https:\/\/www.obezitecerrahi.com\/de\/?page_id=55"},"modified":"2022-08-23T20:31:22","modified_gmt":"2022-08-23T17:31:22","slug":"uber-mich","status":"publish","type":"page","link":"https:\/\/www.obezitecerrahi.com\/de\/uber-mich\/","title":{"rendered":"\u00dcBER MICH"},"content":{"rendered":"<p>Prof. Dr. Hasan Altun wurde 1972 in J\u00fclich, Deutschland geboren. Er absolvierte seine Grund-, Sekundar- und Oberschulausbildung in Kozlu, Zonguldak.<\/p>\n<p>Prof. Dr. Hasan Altun begann seine medizinische Ausbildung 1989 an der Medizinischen Fakult\u00e4t der Hacettepe Universit\u00e4t.<\/p>\n<p>Gleich nach seinem Abschluss im Jahre 1996 begann er seine Spezialisierung auf Allgemeinchirurgie an der Hacettepe Universit\u00e4t, in der Abteilung Allgemeinchirurgie. Im Jahre 2002 schloss er seine Spezialisierung zum Facharzt f\u00fcr Allgemeine Chirurgie ab.<\/p>\n<p>Nach Erhalt seiner Spezialisierung im Jahre 2002 arbeitete er als Facharzt f\u00fcr Allgemeinchirurgie in \u00f6ffentlichen Krankenh\u00e4usern in Ankara und Istanbul. Nachdem er in Frankreich und den USA eine fortgeschrittene laparoskopische Chirurgie Ausbildung erhalten hatte, arbeitete Prof. Dr. Hasan Altun, der im Team der Organtransplantation ist, als Ausbildungs- und Verwaltungsbeauftragter (Klinikchef) der Klinik f\u00fcr Allgemeinchirurgie im Fatih Sultan Mehmet Trainings- und Forschungskrankenhaus in Istanbul.<\/p>\n<p>Er erhielt Ausbildung und Erfahrung in Adipositas- und Stoffwechselchirurgie, fortgeschrittener laparoskopischer Chirurgie, Roboterchirurgie und Magen-Darm-Chirurgie (Gastrointestinal Chirurgie) von weltweit f\u00fchrenden Institutionen.<\/p>\n<p>Er ist der erste Arzt in der T\u00fcrkei, der 2015 das Exzellenzzertifikat f\u00fcr bariatrischen Chirurgen auf dem Gebiet der Adipositas- und Stoffwechselchirurgie erhalten hat. (Bariatric Surgeon of Excellence Certificate)<\/p>\n<p>Er ist einer der ersten \u00c4rzte, der in unserem Land erfolgreich Operationen auf dem Gebiet der fortgeschrittenen laparoskopischen Chirurgie und der Adipositas- und Stoffwechselchirurgie durchf\u00fchrt.<\/p>\n<p>Er ist einer der ersten Mitglieder der f\u00fchrenden internationalen Adipositas- und metabolischen Chirurgie verb\u00e4nde in unserem Land.<\/p>\n<p>Zahlreiche Artikel und Studien mit der h\u00f6chsten Anzahl von Patienten und Follow-up auf dem Gebiet der Adipositas und metabolischen Chirurgie wurden in den f\u00fchrenden renommierten Zeitschriften und wissenschaftlichen Institutionen unseres Landes und der Welt ver\u00f6ffentlicht.<\/p>\n<p>Er hat zahlreiche Schulungen, Seminare und Symposien f\u00fcr seine nationalen und internationalen Kollegen auf dem Gebiet der Adipositas- und Stoffwechselchirurgie gegeben und war wegweisend bei der Verbreitung der Adipositaschirurgie in vielen L\u00e4ndern der Welt und unseres Landes.<\/p>\n<p>Prof. Dr. Hasan Altun, mit seiner Erfahrung in etwa 5000 allgemeinen Operationen und etwa 2000 erfolgreichen bariatrischen Operationen seit \u00fcber 24 Jahren, operierte die f\u00fchrenden Namen der T\u00fcrkei und machte Sclauchmagen- und Adipositasoperationen bekannter und weniger gef\u00fcrchtet.<\/p>\n<p>Die Inter Bariatrics Klinik dient ihren Patienten nicht nur auf dem Gebiet der Adipositaschirurgie, sondern auch mit fortgeschrittenen laparoskopischen chirurgischen Eingriffen wie Magenhernien, Magenreflux, \u00d6sophagus-Operationen und Achalasie-Operationen.<\/p>\n<p>Prof. Dr. Hasan Altun hat sehr gute Englischkenntnisse. Er ist verheiratet und hat zwei Kinder.<\/p>\n<p>Klicken Sie hier, um den Lebenslauf von Prof. Dr. Hasan Altun zu sehen, Informationen \u00fcber sein akademisches Studium, die von ihm besuchten Schulungen und Seminare und die Verb\u00e4nde, denen er angeh\u00f6rt, zu erhalten.<\/p>\n","protected":false},"excerpt":{"rendered":"<p>Prof. Dr. Hasan Altun wurde 1972 in J\u00fclich, Deutschland geboren. Er absolvierte seine Grund-, Sekundar- und Oberschulausbildung in Kozlu, Zonguldak. Prof. Dr. Hasan Altun begann seine medizinische Ausbildung 1989 an der Medizinischen Fakult\u00e4t der Hacettepe Universit\u00e4t. Gleich nach seinem Abschluss im Jahre 1996 begann er seine Spezialisierung auf Allgemeinchirurgie an der Hacettepe Universit\u00e4t, in der [&hellip;]<\/p>\n","protected":false},"author":2,"featured_media":1322,"parent":0,"menu_order":8,"comment_status":"closed","ping_status":"closed","template":"","meta":[],"_links":{"self":[{"href":"https:\/\/www.obezitecerrahi.com\/de\/wp-json\/wp\/v2\/pages\/55"}],"collection":[{"href":"https:\/\/www.obezitecerrahi.com\/de\/wp-json\/wp\/v2\/pages"}],"about":[{"href":"https:\/\/www.obezitecerrahi.com\/de\/wp-json\/wp\/v2\/types\/page"}],"author":[{"embeddable":true,"href":"https:\/\/www.obezitecerrahi.com\/de\/wp-json\/wp\/v2\/users\/2"}],"replies":[{"embeddable":true,"href":"https:\/\/www.obezitecerrahi.com\/de\/wp-json\/wp\/v2\/comments?post=55"}],"version-history":[{"count":7,"href":"https:\/\/www.obezitecerrahi.com\/de\/wp-json\/wp\/v2\/pages\/55\/revisions"}],"predecessor-version":[{"id":1524,"href":"https:\/\/www.obezitecerrahi.com\/de\/wp-json\/wp\/v2\/pages\/55\/revisions\/1524"}],"wp:featuredmedia":[{"embeddable":true,"href":"https:\/\/www.obezitecerrahi.com\/de\/wp-json\/wp\/v2\/media\/1322"}],"wp:attachment":[{"href":"https:\/\/www.obezitecerrahi.com\/de\/wp-json\/wp\/v2\/media?parent=55"}],"curies":[{"name":"wp","href":"https:\/\/api.w.org\/{rel}","templated":true}]}}