{"id":36,"date":"2019-03-25T12:02:26","date_gmt":"2019-03-25T12:02:26","guid":{"rendered":"https:\/\/www.obezitecerrahi.com\/de\/?page_id=36"},"modified":"2025-01-10T12:12:39","modified_gmt":"2025-01-10T09:12:39","slug":"kontakt","status":"publish","type":"page","link":"https:\/\/www.obezitecerrahi.com\/de\/kontakt\/","title":{"rendered":"KONTAKT"},"content":{"rendered":"<div id=\"ez-toc-container\" class=\"ez-toc-v2_0_18 counter-hierarchy counter-decimal ez-toc-grey\">\n<div class=\"ez-toc-title-container\">\n<p class=\"ez-toc-title\">\u0130&ccedil;indekiler<\/p>\n<span class=\"ez-toc-title-toggle\"><a class=\"ez-toc-pull-right ez-toc-btn ez-toc-btn-xs ez-toc-btn-default ez-toc-toggle\" style=\"display: none;\"><i class=\"ez-toc-glyphicon ez-toc-icon-toggle\"><\/i><\/a><\/span><\/div>\n<nav><ul class=\"ez-toc-list ez-toc-list-level-1\"><li class=\"ez-toc-page-1 ez-toc-heading-level-2\"><a class=\"ez-toc-link ez-toc-heading-1\" href=\"https:\/\/www.obezitecerrahi.com\/de\/kontakt\/#Interbariatrische_Klinik\" title=\"Interbariatrische Klinik\">Interbariatrische Klinik<\/a><ul class=\"ez-toc-list-level-3\"><li class=\"ez-toc-heading-level-3\"><a class=\"ez-toc-link ez-toc-heading-2\" href=\"https:\/\/www.obezitecerrahi.com\/de\/kontakt\/#Adresse\" title=\"Adresse:\">Adresse:<\/a><\/li><li class=\"ez-toc-page-1 ez-toc-heading-level-3\"><a class=\"ez-toc-link ez-toc-heading-3\" href=\"https:\/\/www.obezitecerrahi.com\/de\/kontakt\/#Telefon\" title=\"Telefon:\">Telefon:<\/a><\/li><li class=\"ez-toc-page-1 ez-toc-heading-level-3\"><a class=\"ez-toc-link ez-toc-heading-4\" href=\"https:\/\/www.obezitecerrahi.com\/de\/kontakt\/#Post\" title=\"Post:\">Post:<\/a><\/li><\/ul><\/li><\/ul><\/nav><\/div>\n<h2><span class=\"ez-toc-section\" id=\"Interbariatrische_Klinik\"><\/span>Interbariatrische Klinik<span class=\"ez-toc-section-end\"><\/span><\/h2>\n<p><iframe src=\"https:\/\/www.google.com\/maps\/embed?pb=!1m18!1m12!1m3!1d3011.0660572531183!2d29.05069048959831!3d41.0019273459584!2m3!1f0!2f0!3f0!3m2!1i1024!2i768!4f13.1!3m3!1m2!1s0x14cab6f36bd93eab%3A0x7fcfb60e790841fc!2sProf.Dr.%20Hasan%20Altun%20%7C%20Inter%20Bariatrics%7C%20T%C3%BCp%20Mide%20Ameliyat%C4%B1%7C%20Mide%20Bypass%20Ameliyat%C4%B1%20%7CObezite%20Cerrahisi!5e0!3m2!1str!2str!4v1736500074918!5m2!1str!2str\" width=\"100%\" height=\"450\" style=\"border:0;\" allowfullscreen=\"\" loading=\"lazy\" referrerpolicy=\"no-referrer-when-downgrade\"><\/iframe><\/p>\n<h3><span class=\"ez-toc-section\" id=\"Adresse\"><\/span>Adresse:<span class=\"ez-toc-section-end\"><\/span><\/h3>\n<p>Ac\u0131badem mh. \u00c7e\u00e7en sk. Akasya AVM Kent Etab\u0131 B1 Blok Kat: 1 Daire: 10, \u00dcsk\u00fcdar \/\u0130stanbul<\/p>\n<h3 class=\"btIconImageRow btCells-0\"><span class=\"ez-toc-section\" id=\"Telefon\"><\/span>Telefon:<span class=\"ez-toc-section-end\"><\/span><\/h3>\n<p class=\"btIconImageRow btCells-0\"><span class=\"btIco btIcoDefaultType btIcoExtraSmallSize btIcoDefaultColor \"><span class=\"btIcoText\">+90532 068 61 80<\/span><\/span><\/p>\n<h3><span class=\"ez-toc-section\" id=\"Post\"><\/span>Post:<span class=\"ez-toc-section-end\"><\/span><\/h3>\n<p>obezitecerrahi@gmail.com<\/p>\n","protected":false},"excerpt":{"rendered":"<p>\u0130&ccedil;indekiler Interbariatrische KlinikAdresse:Telefon:Post: Interbariatrische Klinik Adresse: Ac\u0131badem mh. \u00c7e\u00e7en sk. Akasya AVM Kent Etab\u0131 B1 Blok Kat: 1 Daire: 10, \u00dcsk\u00fcdar \/\u0130stanbul Telefon: +90532 068 61 80 Post: obezitecerrahi@gmail.com<\/p>\n","protected":false},"author":2,"featured_media":0,"parent":0,"menu_order":10,"comment_status":"closed","ping_status":"closed","template":"template\/contact.php","meta":[],"_links":{"self":[{"href":"https:\/\/www.obezitecerrahi.com\/de\/wp-json\/wp\/v2\/pages\/36"}],"collection":[{"href":"https:\/\/www.obezitecerrahi.com\/de\/wp-json\/wp\/v2\/pages"}],"about":[{"href":"https:\/\/www.obezitecerrahi.com\/de\/wp-json\/wp\/v2\/types\/page"}],"author":[{"embeddable":true,"href":"https:\/\/www.obezitecerrahi.com\/de\/wp-json\/wp\/v2\/users\/2"}],"replies":[{"embeddable":true,"href":"https:\/\/www.obezitecerrahi.com\/de\/wp-json\/wp\/v2\/comments?post=36"}],"version-history":[{"count":4,"href":"https:\/\/www.obezitecerrahi.com\/de\/wp-json\/wp\/v2\/pages\/36\/revisions"}],"predecessor-version":[{"id":1568,"href":"https:\/\/www.obezitecerrahi.com\/de\/wp-json\/wp\/v2\/pages\/36\/revisions\/1568"}],"wp:attachment":[{"href":"https:\/\/www.obezitecerrahi.com\/de\/wp-json\/wp\/v2\/media?parent=36"}],"curies":[{"name":"wp","href":"https:\/\/api.w.org\/{rel}","templated":true}]}}