{"id":1170,"date":"2021-04-18T01:05:19","date_gmt":"2021-04-17T22:05:19","guid":{"rendered":"https:\/\/www.obezitecerrahi.com\/de\/?page_id=1170"},"modified":"2022-08-23T20:57:31","modified_gmt":"2022-08-23T17:57:31","slug":"cookie-richtlinien","status":"publish","type":"page","link":"https:\/\/www.obezitecerrahi.com\/de\/cookie-richtlinien\/","title":{"rendered":"Cookie Richtlinien"},"content":{"rendered":"<div id=\"ez-toc-container\" class=\"ez-toc-v2_0_18 counter-hierarchy counter-decimal ez-toc-grey\">\n<div class=\"ez-toc-title-container\">\n<p class=\"ez-toc-title\">\u0130&ccedil;indekiler<\/p>\n<span class=\"ez-toc-title-toggle\"><a class=\"ez-toc-pull-right ez-toc-btn ez-toc-btn-xs ez-toc-btn-default ez-toc-toggle\" style=\"display: none;\"><i class=\"ez-toc-glyphicon ez-toc-icon-toggle\"><\/i><\/a><\/span><\/div>\n<nav><ul class=\"ez-toc-list ez-toc-list-level-1\"><li class=\"ez-toc-page-1 ez-toc-heading-level-3\"><a class=\"ez-toc-link ez-toc-heading-1\" href=\"https:\/\/www.obezitecerrahi.com\/de\/cookie-richtlinien\/#PROF_DR_HASAN_ALTUN_KLINIK_KLINIK_WEBSITE_DATENSCHUTZ_COOKIES_RICHTLINIE\" title=\"PROF. DR. HASAN ALTUN KLINIK (KLINIK) WEBSITE DATENSCHUTZ COOKIES RICHTLINIE\">PROF. DR. HASAN ALTUN KLINIK (KLINIK) WEBSITE DATENSCHUTZ COOKIES RICHTLINIE<\/a><\/li><li class=\"ez-toc-page-1 ez-toc-heading-level-3\"><a class=\"ez-toc-link ez-toc-heading-2\" href=\"https:\/\/www.obezitecerrahi.com\/de\/cookie-richtlinien\/#ZWECK_DER_VERARBEITUNG_IHRER_PERSONENBEZOGENEN_DATEN\" title=\"ZWECK DER VERARBEITUNG IHRER PERSONENBEZOGENEN DATEN\">ZWECK DER VERARBEITUNG IHRER PERSONENBEZOGENEN DATEN<\/a><\/li><li class=\"ez-toc-page-1 ez-toc-heading-level-3\"><a class=\"ez-toc-link ez-toc-heading-3\" href=\"https:\/\/www.obezitecerrahi.com\/de\/cookie-richtlinien\/#DIE_PARTEIEN_AN_DIE_IHRE_PERSONENBEZOGENEN_DATEN_UBERMITTELT_WERDEN_UND_DER_ZWECK_DER_UBERTRAGUNG\" title=\"DIE PARTEIEN, AN DIE IHRE PERSONENBEZOGENEN DATEN \u00dcBERMITTELT WERDEN UND DER ZWECK DER \u00dcBERTRAGUNG\">DIE PARTEIEN, AN DIE IHRE PERSONENBEZOGENEN DATEN \u00dcBERMITTELT WERDEN UND DER ZWECK DER \u00dcBERTRAGUNG<\/a><\/li><li class=\"ez-toc-page-1 ez-toc-heading-level-3\"><a class=\"ez-toc-link ez-toc-heading-4\" href=\"https:\/\/www.obezitecerrahi.com\/de\/cookie-richtlinien\/#METHODE_ZUR_ERHEBUNG_IHRER_PERSONENBEZOGENEN_DATEN_UND_RECHTSGRUNDLAGE\" title=\"METHODE ZUR ERHEBUNG IHRER PERSONENBEZOGENEN DATEN UND RECHTSGRUNDLAGE\">METHODE ZUR ERHEBUNG IHRER PERSONENBEZOGENEN DATEN UND RECHTSGRUNDLAGE<\/a><\/li><li class=\"ez-toc-page-1 ez-toc-heading-level-3\"><a class=\"ez-toc-link ez-toc-heading-5\" href=\"https:\/\/www.obezitecerrahi.com\/de\/cookie-richtlinien\/#RECHTE_DER_DATENEIGENTUMER\" title=\"RECHTE DER DATENEIGENT\u00dcMER\">RECHTE DER DATENEIGENT\u00dcMER<\/a><\/li><li class=\"ez-toc-page-1 ez-toc-heading-level-3\"><a class=\"ez-toc-link ez-toc-heading-6\" href=\"https:\/\/www.obezitecerrahi.com\/de\/cookie-richtlinien\/#MASSNAHMEN_ZUR_GEWAHRLEISTUNG_DER_SICHERHEIT_DER_PERSONENBEZOGENEN_DATEN_DER_DATENEIGENTUMER\" title=\"MASSNAHMEN ZUR GEW\u00c4HRLEISTUNG DER SICHERHEIT DER PERSONENBEZOGENEN DATEN DER DATENEIGENT\u00dcMER\">MASSNAHMEN ZUR GEW\u00c4HRLEISTUNG DER SICHERHEIT DER PERSONENBEZOGENEN DATEN DER DATENEIGENT\u00dcMER<\/a><\/li><li class=\"ez-toc-page-1 ez-toc-heading-level-3\"><a class=\"ez-toc-link ez-toc-heading-7\" href=\"https:\/\/www.obezitecerrahi.com\/de\/cookie-richtlinien\/#WAS_IST_EIN_COOKIE_UND_WOZU_WIRD_ES_VERWENDET\" title=\"WAS IST EIN COOKIE UND WOZU WIRD ES VERWENDET?\">WAS IST EIN COOKIE UND WOZU WIRD ES VERWENDET?<\/a><\/li><li class=\"ez-toc-page-1 ez-toc-heading-level-3\"><a class=\"ez-toc-link ez-toc-heading-8\" href=\"https:\/\/www.obezitecerrahi.com\/de\/cookie-richtlinien\/#ARTEN_VON_COOKIES_DIE_AUF_UNSERER_WEBSITE_VERWENDET_WERDEN\" title=\"ARTEN VON COOKIES, DIE AUF UNSERER WEBSITE VERWENDET WERDEN\">ARTEN VON COOKIES, DIE AUF UNSERER WEBSITE VERWENDET WERDEN<\/a><\/li><li class=\"ez-toc-page-1 ez-toc-heading-level-3\"><a class=\"ez-toc-link ez-toc-heading-9\" href=\"https:\/\/www.obezitecerrahi.com\/de\/cookie-richtlinien\/#AUF_UNSERER_WEBSITE_VERWENDETE_COOKIES\" title=\"AUF UNSERER WEBSITE VERWENDETE COOKIES\">AUF UNSERER WEBSITE VERWENDETE COOKIES<\/a><\/li><li class=\"ez-toc-page-1 ez-toc-heading-level-3\"><a class=\"ez-toc-link ez-toc-heading-10\" href=\"https:\/\/www.obezitecerrahi.com\/de\/cookie-richtlinien\/#KANN_DIE_VERWENDUNG_VON_COOKIES_DURCH_DATENEIGENTUMER_VERBOTEN_WERDEN\" title=\"KANN DIE VERWENDUNG VON COOKIES DURCH DATENEIGENT\u00dcMER VERBOTEN WERDEN?\">KANN DIE VERWENDUNG VON COOKIES DURCH DATENEIGENT\u00dcMER VERBOTEN WERDEN?<\/a><\/li><li class=\"ez-toc-page-1 ez-toc-heading-level-3\"><a class=\"ez-toc-link ez-toc-heading-11\" href=\"https:\/\/www.obezitecerrahi.com\/de\/cookie-richtlinien\/#DURCHFUHRUNG_DER_WEBSITE-DATENSCHUTZRICHTLINIE\" title=\"DURCHF\u00dcHRUNG DER WEBSITE-DATENSCHUTZRICHTLINIE\">DURCHF\u00dcHRUNG DER WEBSITE-DATENSCHUTZRICHTLINIE<\/a><\/li><\/ul><\/nav><\/div>\n<h3><span class=\"ez-toc-section\" id=\"PROF_DR_HASAN_ALTUN_KLINIK_KLINIK_WEBSITE_DATENSCHUTZ_COOKIES_RICHTLINIE\"><\/span>PROF. DR. HASAN ALTUN KLINIK (KLINIK) WEBSITE DATENSCHUTZ COOKIES RICHTLINIE<span class=\"ez-toc-section-end\"><\/span><\/h3>\n<p>Ihre personenbezogenen Daten; PROF als Datenverantwortlicher. DR. Der Schutz der Privatsph\u00e4re der Besucher der von HASAN ALTUN CLINIC (KLINIK) betriebenen Website www.obezitecerrahi.com ist einer der f\u00fchrenden Grunds\u00e4tze unserer Institution. Mit der Datenschutzrichtlinie der Website; Es werden Erl\u00e4uterungen zu (1) der Verarbeitung der personenbezogenen Daten der Dateneigent\u00fcmer, (2) der Cookie-Richtlinie und (3) der Durchsetzung der Website-Datenschutzrichtlinie gegeben.<\/p>\n<ol>\n<li><strong>VERARBEITUNG PERSONENBEZOGENER DATEN DER DATENEIGENT\u00dcMER<\/strong><\/li>\n<li>Personenbezogene Daten, die w\u00e4hrend Ihres Besuchs auf unserer Website erhoben werden, k\u00f6nnen von der Beh\u00f6rde gem\u00e4\u00df dem Gesetz zum Schutz personenbezogener Daten Nr. 6698 in dem unten beschriebenen Umfang verarbeitet werden.<\/li>\n<\/ol>\n<p>Ausf\u00fchrliche Informationen zur Verarbeitung Ihrer personenbezogenen Daten k\u00f6nnen Sie unter www.obezitecerrahi.com bei Prof. DR. Sie k\u00f6nnen auf die Datenschutz- und Verarbeitungsrichtlinie der Hasan ALTUN-Klinik zugreifen.<\/p>\n<h3><span class=\"ez-toc-section\" id=\"ZWECK_DER_VERARBEITUNG_IHRER_PERSONENBEZOGENEN_DATEN\"><\/span>ZWECK DER VERARBEITUNG IHRER PERSONENBEZOGENEN DATEN<span class=\"ez-toc-section-end\"><\/span><\/h3>\n<p>Ihre bei Ihrem Besuch auf unserer Website erhaltenen personenbezogenen Daten k\u00f6nnen von der Institution gem\u00e4\u00df Artikel 5 und 6 des KVK-Gesetzes f\u00fcr die unten aufgef\u00fchrten Zwecke verarbeitet werden:<\/p>\n<ul>\n<li>Durchf\u00fchrung der erforderlichen Studien durch unsere relevanten Gesch\u00e4ftseinheiten zur Durchf\u00fchrung der von der Klinik durchgef\u00fchrten T\u00e4tigkeiten und zur Durchf\u00fchrung der damit verbundenen Gesch\u00e4ftsprozesse,<\/li>\n<li>Planung und Ausf\u00fchrung von Betriebs-, Handels- und Gesch\u00e4ftsstrategien der Klinik,<\/li>\n<li>Durchf\u00fchrung der notwendigen Arbeiten durch unsere Gesch\u00e4ftsbereiche und Durchf\u00fchrung der relevanten Gesch\u00e4ftsprozesse, um die relevanten Personen von den von der Klinik angebotenen Dienstleistungen zu profitieren &#8211; Planung und Ausf\u00fchrung der Personalpolitik und -prozesse der Klinik,<\/li>\n<li>Planung und Durchf\u00fchrung der Aktivit\u00e4ten, die f\u00fcr die Pr\u00e4sentation, Empfehlung und Bewerbung der Programme und Dienstleistungen der Klinik durch die Klinik erforderlich sind.<\/li>\n<li>Gew\u00e4hrleistung der rechtlichen, technischen und kaufm\u00e4nnisch-dienstlichen Sicherheit der mit der Klinik in einem Dienstverh\u00e4ltnis stehenden Personen<\/li>\n<\/ul>\n<h3><span class=\"ez-toc-section\" id=\"DIE_PARTEIEN_AN_DIE_IHRE_PERSONENBEZOGENEN_DATEN_UBERMITTELT_WERDEN_UND_DER_ZWECK_DER_UBERTRAGUNG\"><\/span>DIE PARTEIEN, AN DIE IHRE PERSONENBEZOGENEN DATEN \u00dcBERMITTELT WERDEN UND DER ZWECK DER \u00dcBERTRAGUNG<span class=\"ez-toc-section-end\"><\/span><\/h3>\n<p>Ihre aufgrund Ihres Besuchs auf unserer Website erhaltenen personenbezogenen Daten k\u00f6nnen gem\u00e4\u00df den in den Artikeln 8 und 9 des KVK-Gesetzes festgelegten Bedingungen und Zwecken der Verarbeitung personenbezogener Daten im Einklang mit den Verarbeitungszwecken an gesetzlich autorisierte \u00f6ffentliche Einrichtungen und Privatpersonen \u00fcbermittelt werden Ihre pers\u00f6nlichen Daten.<\/p>\n<h3><span class=\"ez-toc-section\" id=\"METHODE_ZUR_ERHEBUNG_IHRER_PERSONENBEZOGENEN_DATEN_UND_RECHTSGRUNDLAGE\"><\/span>METHODE ZUR ERHEBUNG IHRER PERSONENBEZOGENEN DATEN UND RECHTSGRUNDLAGE<span class=\"ez-toc-section-end\"><\/span><\/h3>\n<p>Alle Informationen, die Ihre Identit\u00e4t spezifisch oder identifizierbar machen, sind \u201epersonenbezogene Daten\u201c. Im Rahmen Ihres Besuchs auf unserer Website werden Ihre personenbezogenen Daten durch Cookies, das sind technische Kommunikationsdateien, aufgrund Ihres Besuchs auf unserer Website gem\u00e4\u00df den gesetzlichen Bestimmungen zur Datenverarbeitung erhoben.<\/p>\n<h3><span class=\"ez-toc-section\" id=\"RECHTE_DER_DATENEIGENTUMER\"><\/span>RECHTE DER DATENEIGENT\u00dcMER<span class=\"ez-toc-section-end\"><\/span><\/h3>\n<p>Als Eigent\u00fcmer personenbezogener Daten erkl\u00e4ren wir, dass Sie gem\u00e4\u00df Artikel 11 des Gesetzes folgende Rechte haben:<\/p>\n<ul>\n<li>Erfahren, ob Ihre personenbezogenen Daten verarbeitet werden,<\/li>\n<li>wenn Ihre personenbezogenen Daten verarbeitet wurden, Auskunft dar\u00fcber verlangen,<\/li>\n<li>den Zweck der Verarbeitung Ihrer personenbezogenen Daten zu erfahren und ob sie zweckgem\u00e4\u00df verwendet werden,<\/li>\n<li>Kenntnis der Dritten, an die Ihre personenbezogenen Daten im In- oder Ausland \u00fcbermittelt werden,<\/li>\n<li>Aufforderung zur Berichtigung Ihrer personenbezogenen Daten im Falle einer unvollst\u00e4ndigen oder fehlerhaften Verarbeitung und Aufforderung zur Benachrichtigung der in diesem Rahmen get\u00e4tigten Transaktionen an Dritte, an die Ihre personenbezogenen Daten \u00fcbermittelt wurden,<\/li>\n<li>Antrag auf L\u00f6schung oder Vernichtung personenbezogener Daten f\u00fcr den Fall, dass die Gr\u00fcnde, die ihre Verarbeitung erfordern, weggefallen sind, obwohl sie gem\u00e4\u00df dem Gesetz und anderen einschl\u00e4gigen Rechtsvorschriften verarbeitet wurden, und Antrag auf Benachrichtigung \u00fcber die in diesem Rahmen get\u00e4tigte Transaktion an Dritte, an die Ihre personenbezogenen Daten \u00fcbermittelt wurden,<\/li>\n<li>Widerspruch dagegen, wenn sich ein Ergebnis gegen Sie ergibt, indem die verarbeiteten Daten ausschlie\u00dflich durch automatisierte Systeme analysiert werden,<\/li>\n<li>Schadensersatz zu verlangen, falls Ihnen durch die rechtswidrige Verarbeitung Ihrer personenbezogenen Daten ein Schaden entsteht.<\/li>\n<\/ul>\n<p>Sie k\u00f6nnen Ihre Antr\u00e4ge bez\u00fcglich Ihrer oben aufgef\u00fchrten Rechte unter www.obezitecerrahi.com erreichen. DR. Sie k\u00f6nnen das Antragsformular f\u00fcr Dateneigent\u00fcmer der Hasan ALTUN Clinic ausf\u00fcllen und an unser Unternehmen senden. Je nach Art Ihrer Anfrage werden Ihre Antr\u00e4ge so schnell wie m\u00f6glich und sp\u00e4testens innerhalb von drei\u00dfig Tagen kostenlos bearbeitet; Wenn die Transaktion jedoch zus\u00e4tzliche Kosten erfordert, kann Ihnen eine Geb\u00fchr gem\u00e4\u00df dem vom Datenschutzausschuss festzulegenden Tarif in Rechnung gestellt werden.<\/p>\n<h3><span class=\"ez-toc-section\" id=\"MASSNAHMEN_ZUR_GEWAHRLEISTUNG_DER_SICHERHEIT_DER_PERSONENBEZOGENEN_DATEN_DER_DATENEIGENTUMER\"><\/span><strong>MASSNAHMEN ZUR GEW\u00c4HRLEISTUNG DER SICHERHEIT DER PERSONENBEZOGENEN DATEN DER DATENEIGENT\u00dcMER<\/strong><span class=\"ez-toc-section-end\"><\/span><\/h3>\n<p>Im Einklang mit der Bedeutung, die die Institution dem Schutz personenbezogener Daten und der Gew\u00e4hrleistung der Datensicherheit beimisst, gem\u00e4\u00df Artikel 12 des Gesetzes, um die Datensicherheit unserer Institution zu gew\u00e4hrleisten,<\/p>\n<ul>\n<li>Um die rechtswidrige Verarbeitung personenbezogener Daten zu verhindern,<\/li>\n<li>Um den unrechtm\u00e4\u00dfigen Zugriff auf personenbezogene Daten zu verhindern,<\/li>\n<li>Um den Schutz personenbezogener Daten zu gew\u00e4hrleisten,<\/li>\n<\/ul>\n<p>ergreift alle erforderlichen technischen und administrativen Ma\u00dfnahmen, um das angemessene Sicherheitsniveau f\u00fcr den Zweck zu gew\u00e4hrleisten.<\/p>\n<p><strong>COOKIE <\/strong><strong>RICHTLINIE<\/strong><\/p>\n<p>Wir verwenden Cookies, damit Sie unsere Website optimal nutzen und Ihre Benutzererfahrung verbessern k\u00f6nnen. Wenn Sie die Verwendung von Cookies nicht bevorzugen, k\u00f6nnen Sie Cookies in den Einstellungen Ihres Browsers l\u00f6schen oder blockieren. Wir m\u00f6chten Sie jedoch daran erinnern, dass dies Ihre Nutzung unserer Website beeintr\u00e4chtigen kann. Sofern Sie Ihre Cookie-Einstellungen in Ihrem Browser nicht \u00e4ndern, gehen wir davon aus, dass Sie die Verwendung von Cookies auf dieser Website akzeptieren.<\/p>\n<h3><span class=\"ez-toc-section\" id=\"WAS_IST_EIN_COOKIE_UND_WOZU_WIRD_ES_VERWENDET\"><\/span>WAS IST EIN COOKIE UND WOZU WIRD ES VERWENDET?<span class=\"ez-toc-section-end\"><\/span><\/h3>\n<p>Cookies sind kleine Textdateien, die von den von Ihnen besuchten Websites \u00fcber Browser auf Ihrem Ger\u00e4t oder Netzwerkserver gespeichert werden.<\/p>\n<p>Die Hauptzwecke der Verwendung von Cookies auf unserer Website sind unten aufgef\u00fchrt:<\/p>\n<ul>\n<li>Um die Ihnen angebotenen Dienste zu verbessern, indem die Funktionalit\u00e4t und Leistung der Website erh\u00f6ht wird,<\/li>\n<li>Um die Website zu verbessern und neue Funktionen auf der Website anzubieten und die angebotenen Funktionen an Ihre Pr\u00e4ferenzen anzupassen;<\/li>\n<li>Um die rechtliche und finanzielle Sicherheit der Website, Ihnen und der Klinik zu gew\u00e4hrleisten.<\/li>\n<\/ul>\n<h3><span class=\"ez-toc-section\" id=\"ARTEN_VON_COOKIES_DIE_AUF_UNSERER_WEBSITE_VERWENDET_WERDEN\"><\/span><strong>ARTEN VON COOKIES, DIE AUF UNSERER WEBSITE VERWENDET WERDEN<\/strong><span class=\"ez-toc-section-end\"><\/span><\/h3>\n<p>Sitzungscookies<br \/>\nSitzungscookies sind tempor\u00e4re Cookies, die w\u00e4hrend der Besuche unserer Besucher auf der Website verwendet und nach dem Schlie\u00dfen des Browsers gel\u00f6scht werden.<\/p>\n<p>Der Hauptzweck der Verwendung solcher Cookies besteht darin, sicherzustellen, dass die Website w\u00e4hrend Ihres Besuchs ordnungsgem\u00e4\u00df funktioniert.<\/p>\n<p>Zum Beispiel; Sie werden bereitgestellt, um Online-Formulare auszuf\u00fcllen, die aus mehreren Seiten bestehen.<\/p>\n<p>Persistente Cookies<br \/>\nPermanente Cookies sind Arten von Cookies, die verwendet werden, um die Funktionalit\u00e4t der Website zu erh\u00f6hen und unseren Besuchern einen schnelleren und besseren Service zu bieten.<\/p>\n<p>Solche Cookies werden verwendet, um Ihre Pr\u00e4ferenzen zu speichern und werden \u00fcber Browser auf Ihrem Ger\u00e4t gespeichert.<\/p>\n<p>Einige Arten von dauerhaften Cookies; Es kann verwendet werden, um Ihnen spezielle Vorschl\u00e4ge unter Ber\u00fccksichtigung von Themen wie Ihrem Verwendungszweck der Website zu unterbreiten.<\/p>\n<p>Wenn Sie unsere Website dank permanenter Cookies mit demselben Ger\u00e4t erneut besuchen, wird \u00fcberpr\u00fcft, ob auf Ihrem Ger\u00e4t ein von unserer Website erstelltes Cookie vorhanden ist, und wenn dies der Fall ist, wird davon ausgegangen, dass Sie die Website bereits zuvor besucht haben und deren Inhalt an Sie gesendet wird, wird entsprechend bestimmt, um Ihnen so einen besseren Service zu bieten.<\/p>\n<h3><span class=\"ez-toc-section\" id=\"AUF_UNSERER_WEBSITE_VERWENDETE_COOKIES\"><\/span>AUF UNSERER WEBSITE VERWENDETE COOKIES<span class=\"ez-toc-section-end\"><\/span><\/h3>\n<table>\n<tbody>\n<tr>\n<td width=\"184\">Technische Cookies<\/p>\n<p>(Technische Cookies)<\/p>\n<p>&nbsp;<\/td>\n<td width=\"410\">Mit technischen Cookies wird der Betrieb der Website sichergestellt und nicht funktionierende Seiten und Bereiche der Website erkannt.<\/td>\n<\/tr>\n<tr>\n<td width=\"184\">Authentifizierungs-Cookies<\/p>\n<p>(Authentifizierungs-Cookies)<\/td>\n<td width=\"410\">Wenn sich Besucher mit ihren Passw\u00f6rtern auf der Website anmelden, stellt diese Art von Cookies fest, dass der Besucher auf jeder Seite, die er besucht, ein Website-Benutzer ist, und verhindert, dass der Benutzer sein Passwort auf jeder Seite erneut eingibt.<\/td>\n<\/tr>\n<tr>\n<td width=\"184\">Flash-Cookies<\/p>\n<p>(Flash-Cookies<em>)<\/em><\/td>\n<td width=\"410\">Dies sind die Arten von Cookies, die verwendet werden, um den Bild- oder Audioinhalt auf der Website zu aktivieren.<\/td>\n<\/tr>\n<tr>\n<td width=\"184\">Personalisierungs-Cookies<\/p>\n<p>(Personalisierungs-Cookies<em>)<\/em><\/td>\n<td width=\"410\">Dies sind die Cookies, die verwendet werden, um die Pr\u00e4ferenzen der Benutzer beim Besuch verschiedener Seiten verschiedener Websites zu speichern. Zum Beispiel das Speichern Ihrer gew\u00e4hlten Sprachpr\u00e4ferenz.<\/td>\n<\/tr>\n<tr>\n<td width=\"184\">Analyse-Cookies<\/p>\n<p>(Analyse-Cookies<em>)<\/em><\/td>\n<td width=\"410\">Bei analytischen Cookies handelt es sich um Cookies, die Analyseergebnisse liefern, wie z. B. die Anzahl der Besucher der Website, die Erkennung der auf der Website aufgerufenen Seiten, die Besuchszeiten der Website, die Scrollbewegungen der Seiten der Website.<\/td>\n<\/tr>\n<\/tbody>\n<\/table>\n<h3><span class=\"ez-toc-section\" id=\"KANN_DIE_VERWENDUNG_VON_COOKIES_DURCH_DATENEIGENTUMER_VERBOTEN_WERDEN\"><\/span>KANN DIE VERWENDUNG VON COOKIES DURCH DATENEIGENT\u00dcMER VERBOTEN WERDEN?<span class=\"ez-toc-section-end\"><\/span><\/h3>\n<p>Sie haben die M\u00f6glichkeit, Ihre Pr\u00e4ferenzen in Bezug auf Cookies anzupassen, indem Sie die Einstellungen Ihres Browsers \u00e4ndern.<\/p>\n<table style=\"height: 585px;\" width=\"1270\">\n<tbody>\n<tr>\n<td width=\"17%\">\u00a0AdobeAnalytics<\/td>\n<td width=\"81%\"><a href=\"http:\/\/www.adobe.com\/uk\/privacy\/opt-out.html\" target=\"_blank\" rel=\"noopener\"><strong>http:\/\/www.adobe.com\/uk\/privacy\/opt-out.html<\/strong><\/a><\/p>\n<p>&nbsp;<\/td>\n<\/tr>\n<tr>\n<td width=\"17%\">\u00a0AOL<\/td>\n<td width=\"81%\"><a href=\"https:\/\/help.aol.com\/articles\/restore-security-settings-and-enable-cookie-settings-on-browser\" target=\"_blank\" rel=\"noopener\"><strong>https:\/\/help.aol.com\/articles\/restore-security-settings-and-enable-cookie-settings-on-browser<\/strong><\/a><\/td>\n<\/tr>\n<tr>\n<td width=\"17%\">\u00a0Google Adwords<\/td>\n<td width=\"81%\"><a href=\"https:\/\/support.google.com\/ads\/answer\/2662922?hl=en\" target=\"_blank\" rel=\"noopener\"><strong>https:\/\/support.google.com\/ads\/answer\/2662922?hl=en<\/strong><\/a><\/td>\n<\/tr>\n<tr>\n<td width=\"17%\">\u00a0Google Analytics<\/td>\n<td width=\"81%\"><a href=\"https:\/\/tools.google.com\/dlpage\/gaoptout\" target=\"_blank\" rel=\"noopener\"><strong>https:\/\/tools.google.com\/dlpage\/gaoptout<\/strong><\/a><\/td>\n<\/tr>\n<tr>\n<td width=\"17%\">Google Chrome<\/td>\n<td width=\"81%\"><a href=\"http:\/\/www.google.com\/support\/chrome\/bin\/answer.py?hl=en&amp;answer=95647\" target=\"_blank\" rel=\"noopener\"><strong>http:\/\/www.google.com\/support\/chrome\/bin\/answer.py?hl=en&amp;answer=95647<\/strong><\/a><\/p>\n<p>&nbsp;<\/td>\n<\/tr>\n<tr>\n<td width=\"17%\">\u00a0Internet Explorer<\/td>\n<td width=\"81%\"><a href=\"https:\/\/support.microsoft.com\/en-us\/help\/17442\/windows-internet-explorer-delete-manage-cookies\" target=\"_blank\" rel=\"noopener\"><strong>https:\/\/support.microsoft.com\/en-us\/help\/17442\/windows-internet-explorer-delete-manage-cookies<\/strong><\/a><\/td>\n<\/tr>\n<tr>\n<td width=\"17%\">\u00a0MozillaFirefox<\/td>\n<td width=\"81%\"><a href=\"http:\/\/support.mozilla.com\/en-US\/kb\/Cookies\" target=\"_blank\" rel=\"noopener\"><strong>http:\/\/support.mozilla.com\/en-US\/kb\/Cookies<\/strong><\/a><\/p>\n<p>&nbsp;<\/td>\n<\/tr>\n<tr>\n<td width=\"17%\">\u00a0Opera<\/td>\n<td width=\"81%\"><a href=\"http:\/\/www.opera.com\/browser\/tutorials\/security\/privacy\/\" target=\"_blank\" rel=\"noopener\"><strong>http:\/\/www.opera.com\/browser\/tutorials\/security\/privacy\/<\/strong><\/a><\/p>\n<p>&nbsp;<\/td>\n<\/tr>\n<tr>\n<td width=\"17%\">\u00a0Safari<\/td>\n<td width=\"81%\"><a href=\"https:\/\/support.apple.com\/kb\/ph19214?locale=tr_TR\" target=\"_blank\" rel=\"noopener\"><strong>https:\/\/support.apple.com\/kb\/ph19214?locale=tr_TR<\/strong><\/a><\/p>\n<p>&nbsp;<\/td>\n<\/tr>\n<\/tbody>\n<\/table>\n<h3><span class=\"ez-toc-section\" id=\"DURCHFUHRUNG_DER_WEBSITE-DATENSCHUTZRICHTLINIE\"><\/span>DURCHF\u00dcHRUNG DER WEBSITE-DATENSCHUTZRICHTLINIE<span class=\"ez-toc-section-end\"><\/span><\/h3>\n<p>Die Datenschutzerkl\u00e4rung der Website datiert vom 18.04.2021. Im Falle einer Verl\u00e4ngerung aller oder bestimmter Artikel der Police wird das Datum des Inkrafttretens der Police aktualisiert.<\/p>\n<p>Die Datenschutzrichtlinie wird auf der Website der Institution (www.obezitecerrahi.com) ver\u00f6ffentlicht und den relevanten Personen auf Anfrage der Eigent\u00fcmer personenbezogener Daten zur Verf\u00fcgung gestellt.<\/p>\n<p>Detaillierte Informationen zur Verarbeitung Ihrer personenbezogenen Daten finden Sie unter www.obezitecerrahi.com. DR. Sie k\u00f6nnen auf die Datenschutz- und Verarbeitungsrichtlinie der Hasan ALTUN-Klinik zugreifen.<\/p>\n","protected":false},"excerpt":{"rendered":"<p>\u0130&ccedil;indekiler PROF. DR. HASAN ALTUN KLINIK (KLINIK) WEBSITE DATENSCHUTZ COOKIES RICHTLINIEZWECK DER VERARBEITUNG IHRER PERSONENBEZOGENEN DATENDIE PARTEIEN, AN DIE IHRE PERSONENBEZOGENEN DATEN \u00dcBERMITTELT WERDEN UND DER ZWECK DER \u00dcBERTRAGUNGMETHODE ZUR ERHEBUNG IHRER PERSONENBEZOGENEN DATEN UND RECHTSGRUNDLAGERECHTE DER DATENEIGENT\u00dcMERMASSNAHMEN ZUR GEW\u00c4HRLEISTUNG DER SICHERHEIT DER PERSONENBEZOGENEN DATEN DER DATENEIGENT\u00dcMERWAS IST EIN COOKIE UND WOZU WIRD ES VERWENDET?ARTEN [&hellip;]<\/p>\n","protected":false},"author":2,"featured_media":0,"parent":0,"menu_order":0,"comment_status":"closed","ping_status":"closed","template":"","meta":[],"_links":{"self":[{"href":"https:\/\/www.obezitecerrahi.com\/de\/wp-json\/wp\/v2\/pages\/1170"}],"collection":[{"href":"https:\/\/www.obezitecerrahi.com\/de\/wp-json\/wp\/v2\/pages"}],"about":[{"href":"https:\/\/www.obezitecerrahi.com\/de\/wp-json\/wp\/v2\/types\/page"}],"author":[{"embeddable":true,"href":"https:\/\/www.obezitecerrahi.com\/de\/wp-json\/wp\/v2\/users\/2"}],"replies":[{"embeddable":true,"href":"https:\/\/www.obezitecerrahi.com\/de\/wp-json\/wp\/v2\/comments?post=1170"}],"version-history":[{"count":7,"href":"https:\/\/www.obezitecerrahi.com\/de\/wp-json\/wp\/v2\/pages\/1170\/revisions"}],"predecessor-version":[{"id":1527,"href":"https:\/\/www.obezitecerrahi.com\/de\/wp-json\/wp\/v2\/pages\/1170\/revisions\/1527"}],"wp:attachment":[{"href":"https:\/\/www.obezitecerrahi.com\/de\/wp-json\/wp\/v2\/media?parent=1170"}],"curies":[{"name":"wp","href":"https:\/\/api.w.org\/{rel}","templated":true}]}}